{"id":32,"date":"2024-03-24T14:21:12","date_gmt":"2024-03-24T14:21:12","guid":{"rendered":"https:\/\/steroidtester.com\/?page_id=32"},"modified":"2024-03-24T14:21:13","modified_gmt":"2024-03-24T14:21:13","slug":"kop-testosteron","status":"publish","type":"page","link":"https:\/\/steroidtester.com\/index.php\/kop-testosteron\/","title":{"rendered":"K\u00f6p testosteron"},"content":{"rendered":"\n<p>Idag pratas det om testosteron mer \u00e4n n\u00e5gonsin i Sverige. Allt fr\u00e5n <a href=\"https:\/\/anabolasteroider.net\/shop\/alla-produkter\/testosterone-enanthate-2000mg\/\" target=\"_blank\" rel=\"noreferrer noopener\">testosteroners\u00e4ttning<\/a>, till att boosta sina testosteronniv\u00e5er och f\u00f6r att tils\u00e4tta h\u00f6gre doser av testosteron f\u00f6r att bygga maximalt med muskelmassa. P\u00e5 anabolasteroider.net s\u00e5 finns det flera varianter av testosteron av h\u00f6g kvalitet till rimligt pris. L\u00e4s mer p\u00e5 deras hemsida genom att <a href=\"https:\/\/anabolasteroider.net\/shop\/alla-produkter\/testosterone-enanthate-2000mg\/\" target=\"_blank\" rel=\"noreferrer noopener\">klicka h\u00e4r<\/a>, eller g\u00e5 in p\u00e5 <a href=\"https:\/\/anabolasteroider.net\/\" target=\"_blank\" rel=\"noreferrer noopener\">www.anabolasteroider.net<\/a><\/p>\n\n\n\n<div class=\"wp-block-media-text alignwide is-stacked-on-mobile\"><figure class=\"wp-block-media-text__media\"><a href=\"https:\/\/anabolasteroider.net\/shop\/alla-produkter\/testosterone-enanthate-2000mg\/\"><img decoding=\"async\" loading=\"lazy\" width=\"768\" height=\"768\" src=\"https:\/\/steroidtester.com\/wp-content\/uploads\/2024\/03\/testosterone_enanthate_100mg_3-768x768-1.jpg\" alt=\"\" class=\"wp-image-33 size-full\" srcset=\"https:\/\/steroidtester.com\/wp-content\/uploads\/2024\/03\/testosterone_enanthate_100mg_3-768x768-1.jpg 768w, https:\/\/steroidtester.com\/wp-content\/uploads\/2024\/03\/testosterone_enanthate_100mg_3-768x768-1-300x300.jpg 300w, https:\/\/steroidtester.com\/wp-content\/uploads\/2024\/03\/testosterone_enanthate_100mg_3-768x768-1-150x150.jpg 150w\" sizes=\"(max-width: 768px) 100vw, 768px\" \/><\/a><\/figure><div class=\"wp-block-media-text__content\">\n<p>Testosteron anv\u00e4nds som bas i de flesta kurer. <a href=\"https:\/\/anabolasteroider.net\/shop\/alla-produkter\/testosterone-enanthate-2000mg\/\">Testosterone Enanthate<\/a> som \u00e4r den Europeiska versionen och Testosterone Cypionate \u00e4r den Amerikanska versionen. B\u00e5da dessa testosteron har l\u00e5ngsamma estrar. Vilket betyder att du inte beh\u00f6ver\u00a0<a href=\"https:\/\/anabolasteroider.net\/hur-du-injicerar\/\">injicera<\/a>\u00a0lika ofta som vid en snabb ester. Testosterone Enanthate har en dags l\u00e4ngre halveringstid s\u00e5 du kan ha en dag l\u00e4ngre mellan injektionstillf\u00e4llena.<\/p>\n<\/div><\/div>\n","protected":false},"excerpt":{"rendered":"<p>Idag pratas det om testosteron mer \u00e4n n\u00e5gonsin i Sverige. Allt fr\u00e5n testosteroners\u00e4ttning, till att boosta sina testosteronniv\u00e5er och f\u00f6r att tils\u00e4tta h\u00f6gre doser av<\/p>\n","protected":false},"author":2,"featured_media":33,"parent":0,"menu_order":0,"comment_status":"closed","ping_status":"closed","template":"","meta":[],"yoast_head":"<!-- This site is optimized with the Yoast SEO plugin v20.1 - https:\/\/yoast.com\/wordpress\/plugins\/seo\/ -->\n<title>K\u00f6p testosteron - steroidtester.com<\/title>\n<meta name=\"description\" content=\"P\u00e5 anabolasteroider.net s\u00e5 finns det flera varianter av testosteron av h\u00f6g kvalitet till rimligt pris. L\u00e4s mer p\u00e5 www.anabolasteroider.net\" \/>\n<meta name=\"robots\" content=\"index, follow, max-snippet:-1, max-image-preview:large, max-video-preview:-1\" \/>\n<link rel=\"canonical\" href=\"https:\/\/steroidtester.com\/index.php\/kop-testosteron\/\" \/>\n<meta property=\"og:locale\" content=\"sv_SE\" \/>\n<meta property=\"og:type\" content=\"article\" \/>\n<meta property=\"og:title\" content=\"K\u00f6p testosteron - steroidtester.com\" \/>\n<meta property=\"og:description\" content=\"P\u00e5 anabolasteroider.net s\u00e5 finns det flera varianter av testosteron av h\u00f6g kvalitet till rimligt pris. L\u00e4s mer p\u00e5 www.anabolasteroider.net\" \/>\n<meta property=\"og:url\" content=\"https:\/\/steroidtester.com\/index.php\/kop-testosteron\/\" \/>\n<meta property=\"og:site_name\" content=\"steroidtester.com\" \/>\n<meta property=\"article:modified_time\" content=\"2024-03-24T14:21:13+00:00\" \/>\n<meta property=\"og:image\" content=\"http:\/\/steroidtester.com\/wp-content\/uploads\/2024\/03\/testosterone_enanthate_100mg_3-768x768-1.jpg\" \/>\n\t<meta property=\"og:image:width\" content=\"768\" \/>\n\t<meta property=\"og:image:height\" content=\"768\" \/>\n\t<meta property=\"og:image:type\" content=\"image\/jpeg\" \/>\n<meta name=\"twitter:card\" content=\"summary_large_image\" \/>\n<meta name=\"twitter:label1\" content=\"Ber\u00e4knad l\u00e4stid\" \/>\n\t<meta name=\"twitter:data1\" content=\"1 minut\" \/>\n<script type=\"application\/ld+json\" class=\"yoast-schema-graph\">{\"@context\":\"https:\/\/schema.org\",\"@graph\":[{\"@type\":\"WebPage\",\"@id\":\"https:\/\/steroidtester.com\/index.php\/kop-testosteron\/\",\"url\":\"https:\/\/steroidtester.com\/index.php\/kop-testosteron\/\",\"name\":\"K\u00f6p testosteron - steroidtester.com\",\"isPartOf\":{\"@id\":\"https:\/\/steroidtester.com\/#website\"},\"datePublished\":\"2024-03-24T14:21:12+00:00\",\"dateModified\":\"2024-03-24T14:21:13+00:00\",\"description\":\"P\u00e5 anabolasteroider.net s\u00e5 finns det flera varianter av testosteron av h\u00f6g kvalitet till rimligt pris. L\u00e4s mer p\u00e5 www.anabolasteroider.net\",\"breadcrumb\":{\"@id\":\"https:\/\/steroidtester.com\/index.php\/kop-testosteron\/#breadcrumb\"},\"inLanguage\":\"sv-SE\",\"potentialAction\":[{\"@type\":\"ReadAction\",\"target\":[\"https:\/\/steroidtester.com\/index.php\/kop-testosteron\/\"]}]},{\"@type\":\"BreadcrumbList\",\"@id\":\"https:\/\/steroidtester.com\/index.php\/kop-testosteron\/#breadcrumb\",\"itemListElement\":[{\"@type\":\"ListItem\",\"position\":1,\"name\":\"Hem\",\"item\":\"https:\/\/steroidtester.com\/\"},{\"@type\":\"ListItem\",\"position\":2,\"name\":\"K\u00f6p testosteron\"}]},{\"@type\":\"WebSite\",\"@id\":\"https:\/\/steroidtester.com\/#website\",\"url\":\"https:\/\/steroidtester.com\/\",\"name\":\"steroidtester.com\",\"description\":\"K\u00f6p steroider s\u00e4kert i Sverige\",\"potentialAction\":[{\"@type\":\"SearchAction\",\"target\":{\"@type\":\"EntryPoint\",\"urlTemplate\":\"https:\/\/steroidtester.com\/?s={search_term_string}\"},\"query-input\":\"required name=search_term_string\"}],\"inLanguage\":\"sv-SE\"}]}<\/script>\n<!-- \/ Yoast SEO plugin. -->","yoast_head_json":{"title":"K\u00f6p testosteron - steroidtester.com","description":"P\u00e5 anabolasteroider.net s\u00e5 finns det flera varianter av testosteron av h\u00f6g kvalitet till rimligt pris. L\u00e4s mer p\u00e5 www.anabolasteroider.net","robots":{"index":"index","follow":"follow","max-snippet":"max-snippet:-1","max-image-preview":"max-image-preview:large","max-video-preview":"max-video-preview:-1"},"canonical":"https:\/\/steroidtester.com\/index.php\/kop-testosteron\/","og_locale":"sv_SE","og_type":"article","og_title":"K\u00f6p testosteron - steroidtester.com","og_description":"P\u00e5 anabolasteroider.net s\u00e5 finns det flera varianter av testosteron av h\u00f6g kvalitet till rimligt pris. L\u00e4s mer p\u00e5 www.anabolasteroider.net","og_url":"https:\/\/steroidtester.com\/index.php\/kop-testosteron\/","og_site_name":"steroidtester.com","article_modified_time":"2024-03-24T14:21:13+00:00","og_image":[{"width":768,"height":768,"url":"http:\/\/steroidtester.com\/wp-content\/uploads\/2024\/03\/testosterone_enanthate_100mg_3-768x768-1.jpg","type":"image\/jpeg"}],"twitter_card":"summary_large_image","twitter_misc":{"Ber\u00e4knad l\u00e4stid":"1 minut"},"schema":{"@context":"https:\/\/schema.org","@graph":[{"@type":"WebPage","@id":"https:\/\/steroidtester.com\/index.php\/kop-testosteron\/","url":"https:\/\/steroidtester.com\/index.php\/kop-testosteron\/","name":"K\u00f6p testosteron - steroidtester.com","isPartOf":{"@id":"https:\/\/steroidtester.com\/#website"},"datePublished":"2024-03-24T14:21:12+00:00","dateModified":"2024-03-24T14:21:13+00:00","description":"P\u00e5 anabolasteroider.net s\u00e5 finns det flera varianter av testosteron av h\u00f6g kvalitet till rimligt pris. L\u00e4s mer p\u00e5 www.anabolasteroider.net","breadcrumb":{"@id":"https:\/\/steroidtester.com\/index.php\/kop-testosteron\/#breadcrumb"},"inLanguage":"sv-SE","potentialAction":[{"@type":"ReadAction","target":["https:\/\/steroidtester.com\/index.php\/kop-testosteron\/"]}]},{"@type":"BreadcrumbList","@id":"https:\/\/steroidtester.com\/index.php\/kop-testosteron\/#breadcrumb","itemListElement":[{"@type":"ListItem","position":1,"name":"Hem","item":"https:\/\/steroidtester.com\/"},{"@type":"ListItem","position":2,"name":"K\u00f6p testosteron"}]},{"@type":"WebSite","@id":"https:\/\/steroidtester.com\/#website","url":"https:\/\/steroidtester.com\/","name":"steroidtester.com","description":"K\u00f6p steroider s\u00e4kert i Sverige","potentialAction":[{"@type":"SearchAction","target":{"@type":"EntryPoint","urlTemplate":"https:\/\/steroidtester.com\/?s={search_term_string}"},"query-input":"required name=search_term_string"}],"inLanguage":"sv-SE"}]}},"_links":{"self":[{"href":"https:\/\/steroidtester.com\/index.php\/wp-json\/wp\/v2\/pages\/32"}],"collection":[{"href":"https:\/\/steroidtester.com\/index.php\/wp-json\/wp\/v2\/pages"}],"about":[{"href":"https:\/\/steroidtester.com\/index.php\/wp-json\/wp\/v2\/types\/page"}],"author":[{"embeddable":true,"href":"https:\/\/steroidtester.com\/index.php\/wp-json\/wp\/v2\/users\/2"}],"replies":[{"embeddable":true,"href":"https:\/\/steroidtester.com\/index.php\/wp-json\/wp\/v2\/comments?post=32"}],"version-history":[{"count":1,"href":"https:\/\/steroidtester.com\/index.php\/wp-json\/wp\/v2\/pages\/32\/revisions"}],"predecessor-version":[{"id":35,"href":"https:\/\/steroidtester.com\/index.php\/wp-json\/wp\/v2\/pages\/32\/revisions\/35"}],"wp:featuredmedia":[{"embeddable":true,"href":"https:\/\/steroidtester.com\/index.php\/wp-json\/wp\/v2\/media\/33"}],"wp:attachment":[{"href":"https:\/\/steroidtester.com\/index.php\/wp-json\/wp\/v2\/media?parent=32"}],"curies":[{"name":"wp","href":"https:\/\/api.w.org\/{rel}","templated":true}]}}