{"id":26,"date":"2023-12-15T13:17:39","date_gmt":"2023-12-15T13:17:39","guid":{"rendered":"https:\/\/steroidtester.com\/?page_id=26"},"modified":"2023-12-15T13:18:46","modified_gmt":"2023-12-15T13:18:46","slug":"melanotan-2","status":"publish","type":"page","link":"https:\/\/steroidtester.com\/index.php\/melanotan-2\/","title":{"rendered":"Melanotan 2"},"content":{"rendered":"\n<p>M\u00e5nga vill f\u00e5 den d\u00e4r <a href=\"https:\/\/anabolasteroider.net\/shop\/alla-produkter\/melanotan-2-10mg\/\" target=\"_blank\" rel=\"noreferrer noopener\">perfekta solbr\u00e4nnan<\/a> utan att br\u00e4nna sig, och d\u00e5 \u00e4r Melanotan 2 (mello) den perfekta l\u00f6sningen. Melanotan g\u00f6r att huden inte br\u00e4nns tan blir brun ist\u00e4llet, hur brun du blir av Melanotan best\u00e4mmer du sj\u00e4lv genom hur ofta du solar och hur ofta du injicerar Melanotan. <\/p>\n\n\n\n<h2>K\u00f6p Melanotan 2 p\u00e5 Anabolasteroider.net<\/h2>\n\n\n\n<p><a href=\"https:\/\/anabolasteroider.net\/\" target=\"_blank\" rel=\"noreferrer noopener\">Anabolasteroider.net <\/a>\u00e4r ett webbaserat f\u00f6retag som s\u00e4ljer <a href=\"https:\/\/anabolasteroider.net\/shop\/alla-produkter\/melanotan-2-10mg\/\" target=\"_blank\" rel=\"noreferrer noopener\">melanotan 2<\/a> och steroider f\u00f6r killar och steroider f\u00f6r tjejer. Anabolasteroider.net har ett brett sortiment och h\u00f6g kvalitet p\u00e5 sina produkter. Vill du <a href=\"https:\/\/anabolasteroider.net\/shop\/\" target=\"_blank\" rel=\"noreferrer noopener\">kolla in produkterna som Anabolasteroider.net erbjuder s\u00e5 kan du klicka h\u00e4r.<\/a><\/p>\n\n\n\n<div class=\"wp-block-media-text alignwide is-stacked-on-mobile\"><figure class=\"wp-block-media-text__media\"><a href=\"https:\/\/anabolasteroider.net\/shop\/alla-produkter\/melanotan-2-10mg\/\"><img decoding=\"async\" loading=\"lazy\" width=\"362\" height=\"204\" src=\"https:\/\/steroidtester.com\/wp-content\/uploads\/2023\/12\/melanotan_2.png\" alt=\"\" class=\"wp-image-27 size-full\" srcset=\"https:\/\/steroidtester.com\/wp-content\/uploads\/2023\/12\/melanotan_2.png 362w, https:\/\/steroidtester.com\/wp-content\/uploads\/2023\/12\/melanotan_2-300x169.png 300w\" sizes=\"(max-width: 362px) 100vw, 362px\" \/><\/a><\/figure><div class=\"wp-block-media-text__content\">\n<p>Varje Vial \u00e4r p\u00e5 10mg Melanotan 2 och levereras med 5ml sterilt vatten och 2st insulinsprutor. L\u00e4s g\u00e4rna v\u00e5r FaQ om Melanotan 2 som beskriver i detalj hur du anv\u00e4nder Melanotan p\u00e5 r\u00e4tt s\u00e4tt.&nbsp;<a href=\"https:\/\/anabolasteroider.net\/melanotan-2\/\">Du hittar v\u00e5r FaQ genom att klicka h\u00e4r.<\/a><\/p>\n<\/div><\/div>\n","protected":false},"excerpt":{"rendered":"<p>M\u00e5nga vill f\u00e5 den d\u00e4r perfekta solbr\u00e4nnan utan att br\u00e4nna sig, och d\u00e5 \u00e4r Melanotan 2 (mello) den perfekta l\u00f6sningen. Melanotan g\u00f6r att huden inte<\/p>\n","protected":false},"author":2,"featured_media":27,"parent":0,"menu_order":0,"comment_status":"closed","ping_status":"closed","template":"","meta":[],"yoast_head":"<!-- This site is optimized with the Yoast SEO plugin v20.1 - https:\/\/yoast.com\/wordpress\/plugins\/seo\/ -->\n<title>Melanotan 2 - steroidtester.com<\/title>\n<meta name=\"description\" content=\"F\u00e5 den perfekta solbr\u00e4nnan utan att br\u00e4nna dig med Melanotan 2. Melanotan g\u00f6r att huden inte br\u00e4nns tan blir brun ist\u00e4llet.\" \/>\n<meta name=\"robots\" content=\"index, follow, max-snippet:-1, max-image-preview:large, max-video-preview:-1\" \/>\n<link rel=\"canonical\" href=\"https:\/\/steroidtester.com\/index.php\/melanotan-2\/\" \/>\n<meta property=\"og:locale\" content=\"sv_SE\" \/>\n<meta property=\"og:type\" content=\"article\" \/>\n<meta property=\"og:title\" content=\"Melanotan 2 - steroidtester.com\" \/>\n<meta property=\"og:description\" content=\"F\u00e5 den perfekta solbr\u00e4nnan utan att br\u00e4nna dig med Melanotan 2. Melanotan g\u00f6r att huden inte br\u00e4nns tan blir brun ist\u00e4llet.\" \/>\n<meta property=\"og:url\" content=\"https:\/\/steroidtester.com\/index.php\/melanotan-2\/\" \/>\n<meta property=\"og:site_name\" content=\"steroidtester.com\" \/>\n<meta property=\"article:modified_time\" content=\"2023-12-15T13:18:46+00:00\" \/>\n<meta property=\"og:image\" content=\"http:\/\/steroidtester.com\/wp-content\/uploads\/2023\/12\/melanotan_2.png\" \/>\n\t<meta property=\"og:image:width\" content=\"362\" \/>\n\t<meta property=\"og:image:height\" content=\"204\" \/>\n\t<meta property=\"og:image:type\" content=\"image\/png\" \/>\n<meta name=\"twitter:card\" content=\"summary_large_image\" \/>\n<meta name=\"twitter:label1\" content=\"Ber\u00e4knad l\u00e4stid\" \/>\n\t<meta name=\"twitter:data1\" content=\"1 minut\" \/>\n<script type=\"application\/ld+json\" class=\"yoast-schema-graph\">{\"@context\":\"https:\/\/schema.org\",\"@graph\":[{\"@type\":\"WebPage\",\"@id\":\"https:\/\/steroidtester.com\/index.php\/melanotan-2\/\",\"url\":\"https:\/\/steroidtester.com\/index.php\/melanotan-2\/\",\"name\":\"Melanotan 2 - steroidtester.com\",\"isPartOf\":{\"@id\":\"https:\/\/steroidtester.com\/#website\"},\"datePublished\":\"2023-12-15T13:17:39+00:00\",\"dateModified\":\"2023-12-15T13:18:46+00:00\",\"description\":\"F\u00e5 den perfekta solbr\u00e4nnan utan att br\u00e4nna dig med Melanotan 2. Melanotan g\u00f6r att huden inte br\u00e4nns tan blir brun ist\u00e4llet.\",\"breadcrumb\":{\"@id\":\"https:\/\/steroidtester.com\/index.php\/melanotan-2\/#breadcrumb\"},\"inLanguage\":\"sv-SE\",\"potentialAction\":[{\"@type\":\"ReadAction\",\"target\":[\"https:\/\/steroidtester.com\/index.php\/melanotan-2\/\"]}]},{\"@type\":\"BreadcrumbList\",\"@id\":\"https:\/\/steroidtester.com\/index.php\/melanotan-2\/#breadcrumb\",\"itemListElement\":[{\"@type\":\"ListItem\",\"position\":1,\"name\":\"Hem\",\"item\":\"https:\/\/steroidtester.com\/\"},{\"@type\":\"ListItem\",\"position\":2,\"name\":\"Melanotan 2\"}]},{\"@type\":\"WebSite\",\"@id\":\"https:\/\/steroidtester.com\/#website\",\"url\":\"https:\/\/steroidtester.com\/\",\"name\":\"steroidtester.com\",\"description\":\"K\u00f6p steroider s\u00e4kert i Sverige\",\"potentialAction\":[{\"@type\":\"SearchAction\",\"target\":{\"@type\":\"EntryPoint\",\"urlTemplate\":\"https:\/\/steroidtester.com\/?s={search_term_string}\"},\"query-input\":\"required name=search_term_string\"}],\"inLanguage\":\"sv-SE\"}]}<\/script>\n<!-- \/ Yoast SEO plugin. -->","yoast_head_json":{"title":"Melanotan 2 - steroidtester.com","description":"F\u00e5 den perfekta solbr\u00e4nnan utan att br\u00e4nna dig med Melanotan 2. Melanotan g\u00f6r att huden inte br\u00e4nns tan blir brun ist\u00e4llet.","robots":{"index":"index","follow":"follow","max-snippet":"max-snippet:-1","max-image-preview":"max-image-preview:large","max-video-preview":"max-video-preview:-1"},"canonical":"https:\/\/steroidtester.com\/index.php\/melanotan-2\/","og_locale":"sv_SE","og_type":"article","og_title":"Melanotan 2 - steroidtester.com","og_description":"F\u00e5 den perfekta solbr\u00e4nnan utan att br\u00e4nna dig med Melanotan 2. Melanotan g\u00f6r att huden inte br\u00e4nns tan blir brun ist\u00e4llet.","og_url":"https:\/\/steroidtester.com\/index.php\/melanotan-2\/","og_site_name":"steroidtester.com","article_modified_time":"2023-12-15T13:18:46+00:00","og_image":[{"width":362,"height":204,"url":"http:\/\/steroidtester.com\/wp-content\/uploads\/2023\/12\/melanotan_2.png","type":"image\/png"}],"twitter_card":"summary_large_image","twitter_misc":{"Ber\u00e4knad l\u00e4stid":"1 minut"},"schema":{"@context":"https:\/\/schema.org","@graph":[{"@type":"WebPage","@id":"https:\/\/steroidtester.com\/index.php\/melanotan-2\/","url":"https:\/\/steroidtester.com\/index.php\/melanotan-2\/","name":"Melanotan 2 - steroidtester.com","isPartOf":{"@id":"https:\/\/steroidtester.com\/#website"},"datePublished":"2023-12-15T13:17:39+00:00","dateModified":"2023-12-15T13:18:46+00:00","description":"F\u00e5 den perfekta solbr\u00e4nnan utan att br\u00e4nna dig med Melanotan 2. Melanotan g\u00f6r att huden inte br\u00e4nns tan blir brun ist\u00e4llet.","breadcrumb":{"@id":"https:\/\/steroidtester.com\/index.php\/melanotan-2\/#breadcrumb"},"inLanguage":"sv-SE","potentialAction":[{"@type":"ReadAction","target":["https:\/\/steroidtester.com\/index.php\/melanotan-2\/"]}]},{"@type":"BreadcrumbList","@id":"https:\/\/steroidtester.com\/index.php\/melanotan-2\/#breadcrumb","itemListElement":[{"@type":"ListItem","position":1,"name":"Hem","item":"https:\/\/steroidtester.com\/"},{"@type":"ListItem","position":2,"name":"Melanotan 2"}]},{"@type":"WebSite","@id":"https:\/\/steroidtester.com\/#website","url":"https:\/\/steroidtester.com\/","name":"steroidtester.com","description":"K\u00f6p steroider s\u00e4kert i Sverige","potentialAction":[{"@type":"SearchAction","target":{"@type":"EntryPoint","urlTemplate":"https:\/\/steroidtester.com\/?s={search_term_string}"},"query-input":"required name=search_term_string"}],"inLanguage":"sv-SE"}]}},"_links":{"self":[{"href":"https:\/\/steroidtester.com\/index.php\/wp-json\/wp\/v2\/pages\/26"}],"collection":[{"href":"https:\/\/steroidtester.com\/index.php\/wp-json\/wp\/v2\/pages"}],"about":[{"href":"https:\/\/steroidtester.com\/index.php\/wp-json\/wp\/v2\/types\/page"}],"author":[{"embeddable":true,"href":"https:\/\/steroidtester.com\/index.php\/wp-json\/wp\/v2\/users\/2"}],"replies":[{"embeddable":true,"href":"https:\/\/steroidtester.com\/index.php\/wp-json\/wp\/v2\/comments?post=26"}],"version-history":[{"count":2,"href":"https:\/\/steroidtester.com\/index.php\/wp-json\/wp\/v2\/pages\/26\/revisions"}],"predecessor-version":[{"id":30,"href":"https:\/\/steroidtester.com\/index.php\/wp-json\/wp\/v2\/pages\/26\/revisions\/30"}],"wp:featuredmedia":[{"embeddable":true,"href":"https:\/\/steroidtester.com\/index.php\/wp-json\/wp\/v2\/media\/27"}],"wp:attachment":[{"href":"https:\/\/steroidtester.com\/index.php\/wp-json\/wp\/v2\/media?parent=26"}],"curies":[{"name":"wp","href":"https:\/\/api.w.org\/{rel}","templated":true}]}}