{"id":2,"date":"2023-02-27T10:23:03","date_gmt":"2023-02-27T10:23:03","guid":{"rendered":"http:\/\/steroidtester.com\/?page_id=2"},"modified":"2023-02-27T18:12:28","modified_gmt":"2023-02-27T18:12:28","slug":"sample-page","status":"publish","type":"page","link":"https:\/\/steroidtester.com\/","title":{"rendered":"K\u00f6pa steroider"},"content":{"rendered":"\n<p>Att <a href=\"https:\/\/steroidtester.com\/index.php\/kopa-steroider-i-sverige\/\">k\u00f6pa steroider i Sverige<\/a> blir b\u00e5de s\u00e4krare och enklare. I Sverige har vi under 2023 testat att\u00a0<a href=\"https:\/\/anabolasteroider.net\/\">k\u00f6pa steroider<\/a> fr\u00e5n fyra Svenska hemsidor. Swedstore, Kaptenen, Anabolasteroider.net och Steroidkungen. Alla dessa hemsidor har svarat p\u00e5 v\u00e5ra fr\u00e5gor p\u00e5 krypterad mail, alla har levererat best\u00e4llningarna (med lite olika intervall) mellan 3-14 dagar. Snabbast p\u00e5 att leverera var Anabolasteroider.net och Swedstore, t\u00e4tt f\u00f6ljt av Kaptenen och\u00a0Steroidkungen. Det finns s\u00e5klart fler hemsidor som s\u00e4ljer steroider men dessa \u00e4r de hemsidor som vi har valt att handla fr\u00e5n.<\/p>\n","protected":false},"excerpt":{"rendered":"<p>Att k\u00f6pa steroider i Sverige blir b\u00e5de s\u00e4krare och enklare. I Sverige har vi under 2023 testat att\u00a0k\u00f6pa steroider fr\u00e5n fyra Svenska hemsidor. Swedstore, Kaptenen,<\/p>\n","protected":false},"author":2,"featured_media":6,"parent":0,"menu_order":0,"comment_status":"closed","ping_status":"open","template":"","meta":[],"yoast_head":"<!-- This site is optimized with the Yoast SEO plugin v20.1 - https:\/\/yoast.com\/wordpress\/plugins\/seo\/ -->\n<title>K\u00f6pa steroider - steroidtester.com<\/title>\n<meta name=\"description\" content=\"Att k\u00f6pa steroider i Sverige blir b\u00e5de s\u00e4krare och enklare. Betalning med krypto och krypyterad mail g\u00e4ller vid k\u00f6p av steroider.\" \/>\n<meta name=\"robots\" content=\"index, follow, max-snippet:-1, max-image-preview:large, max-video-preview:-1\" \/>\n<link rel=\"canonical\" href=\"https:\/\/steroidtester.com\/\" \/>\n<meta property=\"og:locale\" content=\"sv_SE\" \/>\n<meta property=\"og:type\" content=\"article\" \/>\n<meta property=\"og:title\" content=\"K\u00f6pa steroider - steroidtester.com\" \/>\n<meta property=\"og:description\" content=\"Att k\u00f6pa steroider i Sverige blir b\u00e5de s\u00e4krare och enklare. Betalning med krypto och krypyterad mail g\u00e4ller vid k\u00f6p av steroider.\" \/>\n<meta property=\"og:url\" content=\"https:\/\/steroidtester.com\/\" \/>\n<meta property=\"og:site_name\" content=\"steroidtester.com\" \/>\n<meta property=\"article:modified_time\" content=\"2023-02-27T18:12:28+00:00\" \/>\n<meta property=\"og:image\" content=\"https:\/\/steroidtester.com\/wp-content\/uploads\/2023\/02\/Vi-testar-olika-marken-av-anabola-steroider-i-sverige.jpg\" \/>\n\t<meta property=\"og:image:width\" content=\"2300\" \/>\n\t<meta property=\"og:image:height\" content=\"500\" \/>\n\t<meta property=\"og:image:type\" content=\"image\/jpeg\" \/>\n<meta name=\"twitter:card\" content=\"summary_large_image\" \/>\n<meta name=\"twitter:label1\" content=\"Ber\u00e4knad l\u00e4stid\" \/>\n\t<meta name=\"twitter:data1\" content=\"1 minut\" \/>\n<script type=\"application\/ld+json\" class=\"yoast-schema-graph\">{\"@context\":\"https:\/\/schema.org\",\"@graph\":[{\"@type\":\"WebPage\",\"@id\":\"https:\/\/steroidtester.com\/\",\"url\":\"https:\/\/steroidtester.com\/\",\"name\":\"K\u00f6pa steroider - steroidtester.com\",\"isPartOf\":{\"@id\":\"https:\/\/steroidtester.com\/#website\"},\"datePublished\":\"2023-02-27T10:23:03+00:00\",\"dateModified\":\"2023-02-27T18:12:28+00:00\",\"description\":\"Att k\u00f6pa steroider i Sverige blir b\u00e5de s\u00e4krare och enklare. Betalning med krypto och krypyterad mail g\u00e4ller vid k\u00f6p av steroider.\",\"breadcrumb\":{\"@id\":\"https:\/\/steroidtester.com\/#breadcrumb\"},\"inLanguage\":\"sv-SE\",\"potentialAction\":[{\"@type\":\"ReadAction\",\"target\":[\"https:\/\/steroidtester.com\/\"]}]},{\"@type\":\"BreadcrumbList\",\"@id\":\"https:\/\/steroidtester.com\/#breadcrumb\",\"itemListElement\":[{\"@type\":\"ListItem\",\"position\":1,\"name\":\"Hem\",\"item\":\"https:\/\/steroidtester.com\/\"},{\"@type\":\"ListItem\",\"position\":2,\"name\":\"K\u00f6pa steroider\"}]},{\"@type\":\"WebSite\",\"@id\":\"https:\/\/steroidtester.com\/#website\",\"url\":\"https:\/\/steroidtester.com\/\",\"name\":\"steroidtester.com\",\"description\":\"K\u00f6p steroider s\u00e4kert i Sverige\",\"potentialAction\":[{\"@type\":\"SearchAction\",\"target\":{\"@type\":\"EntryPoint\",\"urlTemplate\":\"https:\/\/steroidtester.com\/?s={search_term_string}\"},\"query-input\":\"required name=search_term_string\"}],\"inLanguage\":\"sv-SE\"}]}<\/script>\n<!-- \/ Yoast SEO plugin. -->","yoast_head_json":{"title":"K\u00f6pa steroider - steroidtester.com","description":"Att k\u00f6pa steroider i Sverige blir b\u00e5de s\u00e4krare och enklare. Betalning med krypto och krypyterad mail g\u00e4ller vid k\u00f6p av steroider.","robots":{"index":"index","follow":"follow","max-snippet":"max-snippet:-1","max-image-preview":"max-image-preview:large","max-video-preview":"max-video-preview:-1"},"canonical":"https:\/\/steroidtester.com\/","og_locale":"sv_SE","og_type":"article","og_title":"K\u00f6pa steroider - steroidtester.com","og_description":"Att k\u00f6pa steroider i Sverige blir b\u00e5de s\u00e4krare och enklare. Betalning med krypto och krypyterad mail g\u00e4ller vid k\u00f6p av steroider.","og_url":"https:\/\/steroidtester.com\/","og_site_name":"steroidtester.com","article_modified_time":"2023-02-27T18:12:28+00:00","og_image":[{"width":2300,"height":500,"url":"https:\/\/steroidtester.com\/wp-content\/uploads\/2023\/02\/Vi-testar-olika-marken-av-anabola-steroider-i-sverige.jpg","type":"image\/jpeg"}],"twitter_card":"summary_large_image","twitter_misc":{"Ber\u00e4knad l\u00e4stid":"1 minut"},"schema":{"@context":"https:\/\/schema.org","@graph":[{"@type":"WebPage","@id":"https:\/\/steroidtester.com\/","url":"https:\/\/steroidtester.com\/","name":"K\u00f6pa steroider - steroidtester.com","isPartOf":{"@id":"https:\/\/steroidtester.com\/#website"},"datePublished":"2023-02-27T10:23:03+00:00","dateModified":"2023-02-27T18:12:28+00:00","description":"Att k\u00f6pa steroider i Sverige blir b\u00e5de s\u00e4krare och enklare. Betalning med krypto och krypyterad mail g\u00e4ller vid k\u00f6p av steroider.","breadcrumb":{"@id":"https:\/\/steroidtester.com\/#breadcrumb"},"inLanguage":"sv-SE","potentialAction":[{"@type":"ReadAction","target":["https:\/\/steroidtester.com\/"]}]},{"@type":"BreadcrumbList","@id":"https:\/\/steroidtester.com\/#breadcrumb","itemListElement":[{"@type":"ListItem","position":1,"name":"Hem","item":"https:\/\/steroidtester.com\/"},{"@type":"ListItem","position":2,"name":"K\u00f6pa steroider"}]},{"@type":"WebSite","@id":"https:\/\/steroidtester.com\/#website","url":"https:\/\/steroidtester.com\/","name":"steroidtester.com","description":"K\u00f6p steroider s\u00e4kert i Sverige","potentialAction":[{"@type":"SearchAction","target":{"@type":"EntryPoint","urlTemplate":"https:\/\/steroidtester.com\/?s={search_term_string}"},"query-input":"required name=search_term_string"}],"inLanguage":"sv-SE"}]}},"_links":{"self":[{"href":"https:\/\/steroidtester.com\/index.php\/wp-json\/wp\/v2\/pages\/2"}],"collection":[{"href":"https:\/\/steroidtester.com\/index.php\/wp-json\/wp\/v2\/pages"}],"about":[{"href":"https:\/\/steroidtester.com\/index.php\/wp-json\/wp\/v2\/types\/page"}],"author":[{"embeddable":true,"href":"https:\/\/steroidtester.com\/index.php\/wp-json\/wp\/v2\/users\/2"}],"replies":[{"embeddable":true,"href":"https:\/\/steroidtester.com\/index.php\/wp-json\/wp\/v2\/comments?post=2"}],"version-history":[{"count":2,"href":"https:\/\/steroidtester.com\/index.php\/wp-json\/wp\/v2\/pages\/2\/revisions"}],"predecessor-version":[{"id":14,"href":"https:\/\/steroidtester.com\/index.php\/wp-json\/wp\/v2\/pages\/2\/revisions\/14"}],"wp:featuredmedia":[{"embeddable":true,"href":"https:\/\/steroidtester.com\/index.php\/wp-json\/wp\/v2\/media\/6"}],"wp:attachment":[{"href":"https:\/\/steroidtester.com\/index.php\/wp-json\/wp\/v2\/media?parent=2"}],"curies":[{"name":"wp","href":"https:\/\/api.w.org\/{rel}","templated":true}]}}